{"id":1037,"date":"2021-03-02T10:30:42","date_gmt":"2021-03-02T10:30:42","guid":{"rendered":"https:\/\/borutegyesulet.effixpro.hu\/?page_id=1037"},"modified":"2021-04-21T15:18:35","modified_gmt":"2021-04-21T15:18:35","slug":"vorstellung-der-weinregion","status":"publish","type":"page","link":"https:\/\/soproniborut.hu\/de\/vorstellung-der-weinregion\/","title":{"rendered":"Vorstellung der Weinregion"},"content":{"rendered":"<p class=\"borvidek-paragraph\">Die ersten Weinst\u00f6cke in der Gegend von Sopron wurden von keltischen St\u00e4mmen gepflanzt, lange bevor die R\u00f6mer kamen.\u00a0 So begann eine jahrtausende alte Geschichte. Wenn Sie jetzt die Soproner Weinregion besuchen, sind Sie in der gl\u00fccklichen Lage, in die spannende Handlung des letzten Kapitels dieses Geschichtsbuches einzutauchen. Nach und nach offenbart die Weinregion ihre neuen und l\u00e4ngst vergessenen Sch\u00e4tze. Um nur ein paar zu nennen: der besondere Charakter des Neusiedlersees, seine Welterbe- und Nationalpark-St\u00e4tten, seine Vogelwelt, die in ganz Europa immer bekannter und beliebter wird, und das Terroir rund um den See&#8230;.<br \/>\nWenn Sie durch das Weinregion wandern, werden Sie \u00fcber pr\u00e4chtige Schl\u00f6sser staunen oder unter 6-700 Jahre alten H\u00e4usern versteckte Kellersysteme entdecken. In dem sich Weine von unverwechselbarem Charakter befinden. Die Wahl des richtigen Weins zu Ihrem vielf\u00e4ltigen Kulturprogramm bringt Sie dem Leben in v\u00f6lliger Harmonie noch n\u00e4her.Lassen Sie sich in die unvergleichliche Harmonie der Weinregion entf\u00fchren, in deren Mittelpunkt der Mensch steht. Lernen Sie nicht nur die Landschaft, die Erinnerungen an unsere Vergangenheit und unsere Traditionen kennen, sondern auch die Menschen, die hier leben. Ein gutes Gespr\u00e4ch neben einer Flasche Wein oder einem Essen aus lokalen gastronomischen Spezialit\u00e4ten bietet eine hervorragende M\u00f6glichkeit dazu.<br \/>\nDie Rad- und Wanderwege, die sich durch die kleinen D\u00f6rfer und Weinberge der Weinbauregion schl\u00e4ngeln, sowie die engen Gassen von Sopron oder das mittelalterliche Stadtzentrum von K\u0151szeg lassen historische Figuren und Legenden lebendig werden. Die Kombination all dieser Faktoren, die wie eine verbindende Kraft wirken, verleiht der Weinregion Sopron ihren unvergleichlichen Charme als humanistische, langsame Region.<\/p>\n","protected":false},"excerpt":{"rendered":"<p>Die ersten Weinst\u00f6cke in der Gegend von Sopron wurden von keltischen St\u00e4mmen gepflanzt, lange bevor die R\u00f6mer kamen.\u00a0 So begann [&hellip;]<\/p>\n","protected":false},"author":1,"featured_media":1207,"parent":0,"menu_order":0,"comment_status":"closed","ping_status":"closed","template":"template-borvidek-single-page.php","meta":{"inline_featured_image":false},"acf":[],"yoast_head":"<!-- This site is optimized with the Yoast SEO plugin v16.5 - https:\/\/yoast.com\/wordpress\/plugins\/seo\/ -->\n<title>Vorstellung der Weinregion - Soproni borvid\u00e9k<\/title>\n<meta name=\"robots\" content=\"index, follow, max-snippet:-1, max-image-preview:large, max-video-preview:-1\" \/>\n<link rel=\"canonical\" href=\"https:\/\/soproniborut.hu\/de\/vorstellung-der-weinregion\/\" \/>\n<meta property=\"og:locale\" content=\"de_DE\" \/>\n<meta property=\"og:type\" content=\"article\" \/>\n<meta property=\"og:title\" content=\"Vorstellung der Weinregion - Soproni borvid\u00e9k\" \/>\n<meta property=\"og:description\" content=\"Die ersten Weinst\u00f6cke in der Gegend von Sopron wurden von keltischen St\u00e4mmen gepflanzt, lange bevor die R\u00f6mer kamen.\u00a0 So begann [&hellip;]\" \/>\n<meta property=\"og:url\" content=\"https:\/\/soproniborut.hu\/de\/vorstellung-der-weinregion\/\" \/>\n<meta property=\"og:site_name\" content=\"Soproni borvid\u00e9k\" \/>\n<meta property=\"article:modified_time\" content=\"2021-04-21T15:18:35+00:00\" \/>\n<meta property=\"og:image\" content=\"https:\/\/soproniborut.hu\/wp-content\/uploads\/2021\/03\/soproni_borvidek_web_banner_1920x1080px_bemutatkozik_a_borvidek.jpg\" \/>\n\t<meta property=\"og:image:width\" content=\"1920\" \/>\n\t<meta property=\"og:image:height\" content=\"1080\" \/>\n<meta name=\"twitter:card\" content=\"summary_large_image\" \/>\n<meta name=\"twitter:label1\" content=\"Gesch\u00e4tzte Lesezeit\" \/>\n\t<meta name=\"twitter:data1\" content=\"1\u00a0Minute\" \/>\n<script type=\"application\/ld+json\" class=\"yoast-schema-graph\">{\"@context\":\"https:\/\/schema.org\",\"@graph\":[{\"@type\":\"Organization\",\"@id\":\"https:\/\/soproniborut.hu\/#organization\",\"name\":\"Soproni Bor\\u00fat Egyes\\u00fclet\",\"url\":\"https:\/\/soproniborut.hu\/\",\"sameAs\":[],\"logo\":{\"@type\":\"ImageObject\",\"@id\":\"https:\/\/soproniborut.hu\/#logo\",\"inLanguage\":\"de\",\"url\":\"https:\/\/soproniborut.hu\/wp-content\/uploads\/2020\/11\/soproniborvidek_logo_color_fekvo.svg\",\"contentUrl\":\"https:\/\/soproniborut.hu\/wp-content\/uploads\/2020\/11\/soproniborvidek_logo_color_fekvo.svg\",\"width\":\"1024\",\"height\":\"1024\",\"caption\":\"Soproni Bor\\u00fat Egyes\\u00fclet\"},\"image\":{\"@id\":\"https:\/\/soproniborut.hu\/#logo\"}},{\"@type\":\"WebSite\",\"@id\":\"https:\/\/soproniborut.hu\/#website\",\"url\":\"https:\/\/soproniborut.hu\/\",\"name\":\"Soproni borvid\\u00e9k\",\"description\":\"\",\"publisher\":{\"@id\":\"https:\/\/soproniborut.hu\/#organization\"},\"potentialAction\":[{\"@type\":\"SearchAction\",\"target\":\"https:\/\/soproniborut.hu\/?s={search_term_string}\",\"query-input\":\"required name=search_term_string\"}],\"inLanguage\":\"de\"},{\"@type\":\"ImageObject\",\"@id\":\"https:\/\/soproniborut.hu\/de\/vorstellung-der-weinregion\/#primaryimage\",\"inLanguage\":\"de\",\"url\":\"https:\/\/soproniborut.hu\/wp-content\/uploads\/2021\/03\/soproni_borvidek_web_banner_1920x1080px_bemutatkozik_a_borvidek.jpg\",\"contentUrl\":\"https:\/\/soproniborut.hu\/wp-content\/uploads\/2021\/03\/soproni_borvidek_web_banner_1920x1080px_bemutatkozik_a_borvidek.jpg\",\"width\":1920,\"height\":1080},{\"@type\":\"WebPage\",\"@id\":\"https:\/\/soproniborut.hu\/de\/vorstellung-der-weinregion\/#webpage\",\"url\":\"https:\/\/soproniborut.hu\/de\/vorstellung-der-weinregion\/\",\"name\":\"Vorstellung der Weinregion - Soproni borvid\\u00e9k\",\"isPartOf\":{\"@id\":\"https:\/\/soproniborut.hu\/#website\"},\"primaryImageOfPage\":{\"@id\":\"https:\/\/soproniborut.hu\/de\/vorstellung-der-weinregion\/#primaryimage\"},\"datePublished\":\"2021-03-02T10:30:42+00:00\",\"dateModified\":\"2021-04-21T15:18:35+00:00\",\"breadcrumb\":{\"@id\":\"https:\/\/soproniborut.hu\/de\/vorstellung-der-weinregion\/#breadcrumb\"},\"inLanguage\":\"de\",\"potentialAction\":[{\"@type\":\"ReadAction\",\"target\":[\"https:\/\/soproniborut.hu\/de\/vorstellung-der-weinregion\/\"]}]},{\"@type\":\"BreadcrumbList\",\"@id\":\"https:\/\/soproniborut.hu\/de\/vorstellung-der-weinregion\/#breadcrumb\",\"itemListElement\":[{\"@type\":\"ListItem\",\"position\":1,\"name\":\"Kezd\\u0151lap\",\"item\":\"https:\/\/soproniborut.hu\/de\/borvidek\/\"},{\"@type\":\"ListItem\",\"position\":2,\"name\":\"Vorstellung der Weinregion\"}]}]}<\/script>\n<!-- \/ Yoast SEO plugin. -->","_links":{"self":[{"href":"https:\/\/soproniborut.hu\/de\/wp-json\/wp\/v2\/pages\/1037"}],"collection":[{"href":"https:\/\/soproniborut.hu\/de\/wp-json\/wp\/v2\/pages"}],"about":[{"href":"https:\/\/soproniborut.hu\/de\/wp-json\/wp\/v2\/types\/page"}],"author":[{"embeddable":true,"href":"https:\/\/soproniborut.hu\/de\/wp-json\/wp\/v2\/users\/1"}],"replies":[{"embeddable":true,"href":"https:\/\/soproniborut.hu\/de\/wp-json\/wp\/v2\/comments?post=1037"}],"version-history":[{"count":8,"href":"https:\/\/soproniborut.hu\/de\/wp-json\/wp\/v2\/pages\/1037\/revisions"}],"predecessor-version":[{"id":1255,"href":"https:\/\/soproniborut.hu\/de\/wp-json\/wp\/v2\/pages\/1037\/revisions\/1255"}],"wp:featuredmedia":[{"embeddable":true,"href":"https:\/\/soproniborut.hu\/de\/wp-json\/wp\/v2\/media\/1207"}],"wp:attachment":[{"href":"https:\/\/soproniborut.hu\/de\/wp-json\/wp\/v2\/media?parent=1037"}],"curies":[{"name":"wp","href":"https:\/\/api.w.org\/{rel}","templated":true}]}}