{"id":1048,"date":"2021-03-02T10:37:36","date_gmt":"2021-03-02T10:37:36","guid":{"rendered":"https:\/\/borutegyesulet.effixpro.hu\/?page_id=1048"},"modified":"2021-04-21T15:24:51","modified_gmt":"2021-04-21T15:24:51","slug":"umgebung-von-sopron","status":"publish","type":"page","link":"https:\/\/soproniborut.hu\/de\/umgebung-von-sopron\/","title":{"rendered":"Umgebung von Sopron"},"content":{"rendered":"<p class=\"borvidek-paragraph\">Der gr\u00f6\u00dfte Teil der Soproner Weinregion besteht aus Sopron und der Region von Neusiedler-See. Die Stadt hat eine reiche historische, kulturische und architektonische Erbe. Daneben pr\u00e4gt die Region eine einzigartige Natur mit Weinbergen, die bis in die Keltenzeit zur\u00fcckreichen. In der Ferne sieht man zackigen Gipfeln der Alpen. Diese Gelassenheit strahlt aus jedem Winkel der Landschaft. Ruhig, aber nicht still. Schon die Herstellung des Soproner Weins ist von st\u00e4ndiger Bewegung begleitet. In den Weinbergen arbeiten unerm\u00fcdlich Winzer, die die Tradition der Poncichter respektieren und in die Fu\u00dfstapfen ihrer Vorfahren treten, die einst Trauben- und Bohnenbauern waren.<br \/>\nIn den Weinbergen arbeiten die Winzer unerm\u00fcdlich wie ihre Vorfahren, die einmal Trauben- und Bohnenbauern waren. So wird die Poncichter-Tradition gepflegt. Im Herbst werden die geschw\u00e4rzten Trauben meist in die jahrhundertealten Keller unter den Familienh\u00e4usern gebracht, um sie zu vinifizieren.<br \/>\nIn Sopron ist es kein Zufall, dass die &#8220;Kellerreihe&#8221; unter der mittelalterlichen Stadt liegt. In den st\u00fcrmischen Jahrhunderten dachten sich die Poncichters klugerweise, dass sie ihren kostbaren Wein innerhalb der Stadtmauern sicherer aufbewahren k\u00f6nnten. Nicht zu vergessen die Weinliebhaber mussten  nicht weit gehen, wenn sie durstig wurden. Und die Poncichters, die bayerische Vorfahren hatten, halfen den G\u00e4sten mit speziellen Schildern, sich zurechtzufinden und den gew\u00fcnschten Wein zu finden. Diese sind auch heute noch in Sopron zu sehen. Aber das ist nicht die einzige Besonderheit von Sopron. Ebenso faszinierend ist die Geschichte der Stadt, deren Relikte man auf gef\u00fchrten Touren entdecken kann. Die Stadt war einst auch Sitz der Kr\u00f6nung und des Parlaments.\n<\/p>\n<p><img loading=\"lazy\" class=\"alignnone size-full wp-image-1240 lazyload\" data-src=\"https:\/\/borutegyesulet.effixpro.hu\/wp-content\/uploads\/2021\/04\/sopron_es_kornyeke_kep_1920x1440px_.jpg\" alt=\"\" width=\"1920\" height=\"1440\" data-srcset=\"https:\/\/soproniborut.hu\/wp-content\/uploads\/2021\/04\/sopron_es_kornyeke_kep_1920x1440px_.jpg 1920w, https:\/\/soproniborut.hu\/wp-content\/uploads\/2021\/04\/sopron_es_kornyeke_kep_1920x1440px_-300x225.jpg 300w, https:\/\/soproniborut.hu\/wp-content\/uploads\/2021\/04\/sopron_es_kornyeke_kep_1920x1440px_-1024x768.jpg 1024w, https:\/\/soproniborut.hu\/wp-content\/uploads\/2021\/04\/sopron_es_kornyeke_kep_1920x1440px_-768x576.jpg 768w, https:\/\/soproniborut.hu\/wp-content\/uploads\/2021\/04\/sopron_es_kornyeke_kep_1920x1440px_-1536x1152.jpg 1536w\" data-sizes=\"(max-width: 1920px) 100vw, 1920px\" src=\"data:image\/gif;base64,R0lGODlhAQABAAAAACH5BAEKAAEALAAAAAABAAEAAAICTAEAOw==\" style=\"--smush-placeholder-width: 1920px; --smush-placeholder-aspect-ratio: 1920\/1440;\" \/><noscript><img loading=\"lazy\" class=\"alignnone size-full wp-image-1240\" src=\"https:\/\/borutegyesulet.effixpro.hu\/wp-content\/uploads\/2021\/04\/sopron_es_kornyeke_kep_1920x1440px_.jpg\" alt=\"\" width=\"1920\" height=\"1440\" srcset=\"https:\/\/soproniborut.hu\/wp-content\/uploads\/2021\/04\/sopron_es_kornyeke_kep_1920x1440px_.jpg 1920w, https:\/\/soproniborut.hu\/wp-content\/uploads\/2021\/04\/sopron_es_kornyeke_kep_1920x1440px_-300x225.jpg 300w, https:\/\/soproniborut.hu\/wp-content\/uploads\/2021\/04\/sopron_es_kornyeke_kep_1920x1440px_-1024x768.jpg 1024w, https:\/\/soproniborut.hu\/wp-content\/uploads\/2021\/04\/sopron_es_kornyeke_kep_1920x1440px_-768x576.jpg 768w, https:\/\/soproniborut.hu\/wp-content\/uploads\/2021\/04\/sopron_es_kornyeke_kep_1920x1440px_-1536x1152.jpg 1536w\" sizes=\"(max-width: 1920px) 100vw, 1920px\" \/><\/noscript><\/p>\n<p class=\"borvidek-paragraph\">Die Stadt verf\u00fcgt \u00fcber einen gro\u00dfen Anzahl von Denkm\u00e4ler mit einer Kavalkade von Stilen, die Sie verzaubern werden. Die verwinkelten Gassen sind von Geb\u00e4uden aus der Gotik, Renaissance und dem Barock ges\u00e4umt. Hier finden Sie die kr\u00f6nende Ziegenkirche, das weltber\u00fchmte Haus von Liszt Ferenc oder Soprons emblematisches Geb\u00e4ude, den Feuerturm. Ein leichter Spaziergang vom Stadtzentrum in den Stadtteil L\u0151verek mit seinem ausgezeichneten Klima und dem Status eines Kurortes zeigt ein anderes Gesicht von Sopron.  Die Stadt, die Menschen heilt.  Nicht nur hier, sondern auch in der Gegend um den Neusiedler-See finden wir eine ganze Reihe von Weing\u00fctern. Unterschiedliche Charaktere und neue spannende Sehensw\u00fcrdigkeiten. Das Schloss Esterh\u00e1zy in Fert\u0151d, das Sz\u00e9chenyi-Erbe in Nagycenk, Heilbad in Hegyk\u0151 und in Balf, Vogel- und Sonnenuntergangsansichten \u00fcber dem Wasser des Neusiedler-Sees.<\/p>\n","protected":false},"excerpt":{"rendered":"<p>Der gr\u00f6\u00dfte Teil der Soproner Weinregion besteht aus Sopron und der Region von Neusiedler-See. Die Stadt hat eine reiche historische, [&hellip;]<\/p>\n","protected":false},"author":1,"featured_media":1175,"parent":0,"menu_order":0,"comment_status":"closed","ping_status":"closed","template":"template-borvidek-single-page.php","meta":{"inline_featured_image":false},"acf":[],"yoast_head":"<!-- This site is optimized with the Yoast SEO plugin v16.5 - https:\/\/yoast.com\/wordpress\/plugins\/seo\/ -->\n<title>Umgebung von Sopron - Soproni borvid\u00e9k<\/title>\n<meta name=\"robots\" content=\"index, follow, max-snippet:-1, max-image-preview:large, max-video-preview:-1\" \/>\n<link rel=\"canonical\" href=\"https:\/\/soproniborut.hu\/de\/umgebung-von-sopron\/\" \/>\n<meta property=\"og:locale\" content=\"de_DE\" \/>\n<meta property=\"og:type\" content=\"article\" \/>\n<meta property=\"og:title\" content=\"Umgebung von Sopron - Soproni borvid\u00e9k\" \/>\n<meta property=\"og:description\" content=\"Der gr\u00f6\u00dfte Teil der Soproner Weinregion besteht aus Sopron und der Region von Neusiedler-See. Die Stadt hat eine reiche historische, [&hellip;]\" \/>\n<meta property=\"og:url\" content=\"https:\/\/soproniborut.hu\/de\/umgebung-von-sopron\/\" \/>\n<meta property=\"og:site_name\" content=\"Soproni borvid\u00e9k\" \/>\n<meta property=\"article:modified_time\" content=\"2021-04-21T15:24:51+00:00\" \/>\n<meta property=\"og:image\" content=\"https:\/\/soproniborut.hu\/wp-content\/uploads\/2021\/03\/header_2500x1080_sopron.jpg\" \/>\n\t<meta property=\"og:image:width\" content=\"2500\" \/>\n\t<meta property=\"og:image:height\" content=\"1080\" \/>\n<meta name=\"twitter:card\" content=\"summary_large_image\" \/>\n<meta name=\"twitter:label1\" content=\"Gesch\u00e4tzte Lesezeit\" \/>\n\t<meta name=\"twitter:data1\" content=\"2\u00a0Minuten\" \/>\n<script type=\"application\/ld+json\" class=\"yoast-schema-graph\">{\"@context\":\"https:\/\/schema.org\",\"@graph\":[{\"@type\":\"Organization\",\"@id\":\"https:\/\/soproniborut.hu\/#organization\",\"name\":\"Soproni Bor\\u00fat Egyes\\u00fclet\",\"url\":\"https:\/\/soproniborut.hu\/\",\"sameAs\":[],\"logo\":{\"@type\":\"ImageObject\",\"@id\":\"https:\/\/soproniborut.hu\/#logo\",\"inLanguage\":\"de\",\"url\":\"https:\/\/soproniborut.hu\/wp-content\/uploads\/2020\/11\/soproniborvidek_logo_color_fekvo.svg\",\"contentUrl\":\"https:\/\/soproniborut.hu\/wp-content\/uploads\/2020\/11\/soproniborvidek_logo_color_fekvo.svg\",\"width\":\"1024\",\"height\":\"1024\",\"caption\":\"Soproni Bor\\u00fat Egyes\\u00fclet\"},\"image\":{\"@id\":\"https:\/\/soproniborut.hu\/#logo\"}},{\"@type\":\"WebSite\",\"@id\":\"https:\/\/soproniborut.hu\/#website\",\"url\":\"https:\/\/soproniborut.hu\/\",\"name\":\"Soproni borvid\\u00e9k\",\"description\":\"\",\"publisher\":{\"@id\":\"https:\/\/soproniborut.hu\/#organization\"},\"potentialAction\":[{\"@type\":\"SearchAction\",\"target\":\"https:\/\/soproniborut.hu\/?s={search_term_string}\",\"query-input\":\"required name=search_term_string\"}],\"inLanguage\":\"de\"},{\"@type\":\"ImageObject\",\"@id\":\"https:\/\/soproniborut.hu\/de\/umgebung-von-sopron\/#primaryimage\",\"inLanguage\":\"de\",\"url\":\"https:\/\/soproniborut.hu\/wp-content\/uploads\/2021\/03\/header_2500x1080_sopron.jpg\",\"contentUrl\":\"https:\/\/soproniborut.hu\/wp-content\/uploads\/2021\/03\/header_2500x1080_sopron.jpg\",\"width\":2500,\"height\":1080},{\"@type\":\"WebPage\",\"@id\":\"https:\/\/soproniborut.hu\/de\/umgebung-von-sopron\/#webpage\",\"url\":\"https:\/\/soproniborut.hu\/de\/umgebung-von-sopron\/\",\"name\":\"Umgebung von Sopron - Soproni borvid\\u00e9k\",\"isPartOf\":{\"@id\":\"https:\/\/soproniborut.hu\/#website\"},\"primaryImageOfPage\":{\"@id\":\"https:\/\/soproniborut.hu\/de\/umgebung-von-sopron\/#primaryimage\"},\"datePublished\":\"2021-03-02T10:37:36+00:00\",\"dateModified\":\"2021-04-21T15:24:51+00:00\",\"breadcrumb\":{\"@id\":\"https:\/\/soproniborut.hu\/de\/umgebung-von-sopron\/#breadcrumb\"},\"inLanguage\":\"de\",\"potentialAction\":[{\"@type\":\"ReadAction\",\"target\":[\"https:\/\/soproniborut.hu\/de\/umgebung-von-sopron\/\"]}]},{\"@type\":\"BreadcrumbList\",\"@id\":\"https:\/\/soproniborut.hu\/de\/umgebung-von-sopron\/#breadcrumb\",\"itemListElement\":[{\"@type\":\"ListItem\",\"position\":1,\"name\":\"Kezd\\u0151lap\",\"item\":\"https:\/\/soproniborut.hu\/de\/borvidek\/\"},{\"@type\":\"ListItem\",\"position\":2,\"name\":\"Umgebung von Sopron\"}]}]}<\/script>\n<!-- \/ Yoast SEO plugin. -->","_links":{"self":[{"href":"https:\/\/soproniborut.hu\/de\/wp-json\/wp\/v2\/pages\/1048"}],"collection":[{"href":"https:\/\/soproniborut.hu\/de\/wp-json\/wp\/v2\/pages"}],"about":[{"href":"https:\/\/soproniborut.hu\/de\/wp-json\/wp\/v2\/types\/page"}],"author":[{"embeddable":true,"href":"https:\/\/soproniborut.hu\/de\/wp-json\/wp\/v2\/users\/1"}],"replies":[{"embeddable":true,"href":"https:\/\/soproniborut.hu\/de\/wp-json\/wp\/v2\/comments?post=1048"}],"version-history":[{"count":4,"href":"https:\/\/soproniborut.hu\/de\/wp-json\/wp\/v2\/pages\/1048\/revisions"}],"predecessor-version":[{"id":1256,"href":"https:\/\/soproniborut.hu\/de\/wp-json\/wp\/v2\/pages\/1048\/revisions\/1256"}],"wp:featuredmedia":[{"embeddable":true,"href":"https:\/\/soproniborut.hu\/de\/wp-json\/wp\/v2\/media\/1175"}],"wp:attachment":[{"href":"https:\/\/soproniborut.hu\/de\/wp-json\/wp\/v2\/media?parent=1048"}],"curies":[{"name":"wp","href":"https:\/\/api.w.org\/{rel}","templated":true}]}}