{"id":1046,"date":"2021-03-02T10:36:51","date_gmt":"2021-03-02T10:36:51","guid":{"rendered":"https:\/\/borutegyesulet.effixpro.hu\/?page_id=1046"},"modified":"2021-04-21T15:26:46","modified_gmt":"2021-04-21T15:26:46","slug":"sopron-es-kornyeke","status":"publish","type":"page","link":"https:\/\/soproniborut.hu\/en\/sopron-es-kornyeke\/","title":{"rendered":"Sopron area"},"content":{"rendered":"<p class=\"borvidek-paragraph\">The largest part of the Sopron wine region is made up of Sopron and the area around Lake Fert\u0151. Sopron is a city with a rich historical, cultural and architectural heritage. Since Celtic times, the area has been dominated by a unique natural environment with vineyards. Serenity radiates from every corner of the region. Calm, but not standstill. Even the birth of Sopron wine is accompanied by constant movement. In the vineyards, winegrowers respect the poncichter tradition and work incessantly like their ancestors, who were once grape and bean growers. In autumn, the blackened bunches of grapes are usually taken to the centuries-old cellars beneath the family houses to be vinified. In Sopron, it is no coincidence that the &#8220;cellar row&#8221; lies beneath the medieval town. During the stormy centuries, poncichters wisely thought that they could keep their precious wine safer within the city walls, while wine lovers did not have to go far when they got thirsty. And the poncichters, who had Bavarian ancestries, used special signs to help guests find their way around and find the wine they wanted. These are still visible in Sopron. But this is not the only special feature of Sopron, besides its wines. Its history is just as fascinating, and you can discover its relics on guided tours. The city was once home to the coronation and the parliament as well.<\/p>\n<p><img loading=\"lazy\" class=\"alignnone size-full wp-image-1239 lazyload\" data-src=\"https:\/\/borutegyesulet.effixpro.hu\/wp-content\/uploads\/2021\/04\/sopron_es_kornyeke_kep_1920x1440px_.jpg\" alt=\"\" width=\"1920\" height=\"1440\" data-srcset=\"https:\/\/soproniborut.hu\/wp-content\/uploads\/2021\/04\/sopron_es_kornyeke_kep_1920x1440px_.jpg 1920w, https:\/\/soproniborut.hu\/wp-content\/uploads\/2021\/04\/sopron_es_kornyeke_kep_1920x1440px_-300x225.jpg 300w, https:\/\/soproniborut.hu\/wp-content\/uploads\/2021\/04\/sopron_es_kornyeke_kep_1920x1440px_-1024x768.jpg 1024w, https:\/\/soproniborut.hu\/wp-content\/uploads\/2021\/04\/sopron_es_kornyeke_kep_1920x1440px_-768x576.jpg 768w, https:\/\/soproniborut.hu\/wp-content\/uploads\/2021\/04\/sopron_es_kornyeke_kep_1920x1440px_-1536x1152.jpg 1536w\" data-sizes=\"(max-width: 1920px) 100vw, 1920px\" src=\"data:image\/gif;base64,R0lGODlhAQABAAAAACH5BAEKAAEALAAAAAABAAEAAAICTAEAOw==\" style=\"--smush-placeholder-width: 1920px; --smush-placeholder-aspect-ratio: 1920\/1440;\" \/><noscript><img loading=\"lazy\" class=\"alignnone size-full wp-image-1239\" src=\"https:\/\/borutegyesulet.effixpro.hu\/wp-content\/uploads\/2021\/04\/sopron_es_kornyeke_kep_1920x1440px_.jpg\" alt=\"\" width=\"1920\" height=\"1440\" srcset=\"https:\/\/soproniborut.hu\/wp-content\/uploads\/2021\/04\/sopron_es_kornyeke_kep_1920x1440px_.jpg 1920w, https:\/\/soproniborut.hu\/wp-content\/uploads\/2021\/04\/sopron_es_kornyeke_kep_1920x1440px_-300x225.jpg 300w, https:\/\/soproniborut.hu\/wp-content\/uploads\/2021\/04\/sopron_es_kornyeke_kep_1920x1440px_-1024x768.jpg 1024w, https:\/\/soproniborut.hu\/wp-content\/uploads\/2021\/04\/sopron_es_kornyeke_kep_1920x1440px_-768x576.jpg 768w, https:\/\/soproniborut.hu\/wp-content\/uploads\/2021\/04\/sopron_es_kornyeke_kep_1920x1440px_-1536x1152.jpg 1536w\" sizes=\"(max-width: 1920px) 100vw, 1920px\" \/><\/noscript><\/p>\n<p class=\"borvidek-paragraph\">It has the largest number of monuments in the Hungarian countryside, with a cavalcade of styles that will enchant you. The winding streets are lined with Gothic, Renaissance and Baroque buildings. Here you can find the crowning Goat Church, the world-famous house of Liszt Ferenc, or Sopron&#8217;s emblematic building, the Fire Tower. An easy walk from the city centre to the L\u0151verek district, with its excellent climate and spa status, reveals another face of Sopron as a town that heals people.  Not only here, but also in the area around Lake Fert\u0151 we can find a good number of wineries. Different characters and new exciting sights. The Esterh\u00e1zy Castle in Fert\u0151d, the Sz\u00e9chenyi heritage in Nagycenk, spa in Hegyk\u0151 and in Balf, bird and sunset views over the water of Lake Fert\u0151.<\/p>\n","protected":false},"excerpt":{"rendered":"<p>The largest part of the Sopron wine region is made up of Sopron and the area around Lake Fert\u0151. Sopron [&hellip;]<\/p>\n","protected":false},"author":1,"featured_media":1178,"parent":0,"menu_order":0,"comment_status":"closed","ping_status":"closed","template":"template-borvidek-single-page.php","meta":{"inline_featured_image":false},"acf":[],"yoast_head":"<!-- This site is optimized with the Yoast SEO plugin v16.5 - https:\/\/yoast.com\/wordpress\/plugins\/seo\/ -->\n<title>Sopron area - Soproni borvid\u00e9k<\/title>\n<meta name=\"robots\" content=\"index, follow, max-snippet:-1, max-image-preview:large, max-video-preview:-1\" \/>\n<link rel=\"canonical\" href=\"https:\/\/soproniborut.hu\/en\/sopron-es-kornyeke\/\" \/>\n<meta property=\"og:locale\" content=\"en_US\" \/>\n<meta property=\"og:type\" content=\"article\" \/>\n<meta property=\"og:title\" content=\"Sopron area - Soproni borvid\u00e9k\" \/>\n<meta property=\"og:description\" content=\"The largest part of the Sopron wine region is made up of Sopron and the area around Lake Fert\u0151. Sopron [&hellip;]\" \/>\n<meta property=\"og:url\" content=\"https:\/\/soproniborut.hu\/en\/sopron-es-kornyeke\/\" \/>\n<meta property=\"og:site_name\" content=\"Soproni borvid\u00e9k\" \/>\n<meta property=\"article:modified_time\" content=\"2021-04-21T15:26:46+00:00\" \/>\n<meta property=\"og:image\" content=\"https:\/\/soproniborut.hu\/wp-content\/uploads\/2021\/03\/header_2500x1080_sopron-1.jpg\" \/>\n\t<meta property=\"og:image:width\" content=\"2500\" \/>\n\t<meta property=\"og:image:height\" content=\"1080\" \/>\n<meta name=\"twitter:card\" content=\"summary_large_image\" \/>\n<meta name=\"twitter:label1\" content=\"Est. reading time\" \/>\n\t<meta name=\"twitter:data1\" content=\"2 minutes\" \/>\n<script type=\"application\/ld+json\" class=\"yoast-schema-graph\">{\"@context\":\"https:\/\/schema.org\",\"@graph\":[{\"@type\":\"Organization\",\"@id\":\"https:\/\/soproniborut.hu\/#organization\",\"name\":\"Soproni Bor\\u00fat Egyes\\u00fclet\",\"url\":\"https:\/\/soproniborut.hu\/\",\"sameAs\":[],\"logo\":{\"@type\":\"ImageObject\",\"@id\":\"https:\/\/soproniborut.hu\/#logo\",\"inLanguage\":\"en-US\",\"url\":\"https:\/\/soproniborut.hu\/wp-content\/uploads\/2020\/11\/soproniborvidek_logo_color_fekvo.svg\",\"contentUrl\":\"https:\/\/soproniborut.hu\/wp-content\/uploads\/2020\/11\/soproniborvidek_logo_color_fekvo.svg\",\"width\":\"1024\",\"height\":\"1024\",\"caption\":\"Soproni Bor\\u00fat Egyes\\u00fclet\"},\"image\":{\"@id\":\"https:\/\/soproniborut.hu\/#logo\"}},{\"@type\":\"WebSite\",\"@id\":\"https:\/\/soproniborut.hu\/#website\",\"url\":\"https:\/\/soproniborut.hu\/\",\"name\":\"Soproni borvid\\u00e9k\",\"description\":\"\",\"publisher\":{\"@id\":\"https:\/\/soproniborut.hu\/#organization\"},\"potentialAction\":[{\"@type\":\"SearchAction\",\"target\":\"https:\/\/soproniborut.hu\/?s={search_term_string}\",\"query-input\":\"required name=search_term_string\"}],\"inLanguage\":\"en-US\"},{\"@type\":\"ImageObject\",\"@id\":\"https:\/\/soproniborut.hu\/en\/sopron-es-kornyeke\/#primaryimage\",\"inLanguage\":\"en-US\",\"url\":\"https:\/\/soproniborut.hu\/wp-content\/uploads\/2021\/03\/header_2500x1080_sopron-1.jpg\",\"contentUrl\":\"https:\/\/soproniborut.hu\/wp-content\/uploads\/2021\/03\/header_2500x1080_sopron-1.jpg\",\"width\":2500,\"height\":1080},{\"@type\":\"WebPage\",\"@id\":\"https:\/\/soproniborut.hu\/en\/sopron-es-kornyeke\/#webpage\",\"url\":\"https:\/\/soproniborut.hu\/en\/sopron-es-kornyeke\/\",\"name\":\"Sopron area - Soproni borvid\\u00e9k\",\"isPartOf\":{\"@id\":\"https:\/\/soproniborut.hu\/#website\"},\"primaryImageOfPage\":{\"@id\":\"https:\/\/soproniborut.hu\/en\/sopron-es-kornyeke\/#primaryimage\"},\"datePublished\":\"2021-03-02T10:36:51+00:00\",\"dateModified\":\"2021-04-21T15:26:46+00:00\",\"breadcrumb\":{\"@id\":\"https:\/\/soproniborut.hu\/en\/sopron-es-kornyeke\/#breadcrumb\"},\"inLanguage\":\"en-US\",\"potentialAction\":[{\"@type\":\"ReadAction\",\"target\":[\"https:\/\/soproniborut.hu\/en\/sopron-es-kornyeke\/\"]}]},{\"@type\":\"BreadcrumbList\",\"@id\":\"https:\/\/soproniborut.hu\/en\/sopron-es-kornyeke\/#breadcrumb\",\"itemListElement\":[{\"@type\":\"ListItem\",\"position\":1,\"name\":\"Kezd\\u0151lap\",\"item\":\"https:\/\/soproniborut.hu\/en\/borvidek\/\"},{\"@type\":\"ListItem\",\"position\":2,\"name\":\"Sopron area\"}]}]}<\/script>\n<!-- \/ Yoast SEO plugin. -->","_links":{"self":[{"href":"https:\/\/soproniborut.hu\/en\/wp-json\/wp\/v2\/pages\/1046"}],"collection":[{"href":"https:\/\/soproniborut.hu\/en\/wp-json\/wp\/v2\/pages"}],"about":[{"href":"https:\/\/soproniborut.hu\/en\/wp-json\/wp\/v2\/types\/page"}],"author":[{"embeddable":true,"href":"https:\/\/soproniborut.hu\/en\/wp-json\/wp\/v2\/users\/1"}],"replies":[{"embeddable":true,"href":"https:\/\/soproniborut.hu\/en\/wp-json\/wp\/v2\/comments?post=1046"}],"version-history":[{"count":7,"href":"https:\/\/soproniborut.hu\/en\/wp-json\/wp\/v2\/pages\/1046\/revisions"}],"predecessor-version":[{"id":1258,"href":"https:\/\/soproniborut.hu\/en\/wp-json\/wp\/v2\/pages\/1046\/revisions\/1258"}],"wp:featuredmedia":[{"embeddable":true,"href":"https:\/\/soproniborut.hu\/en\/wp-json\/wp\/v2\/media\/1178"}],"wp:attachment":[{"href":"https:\/\/soproniborut.hu\/en\/wp-json\/wp\/v2\/media?parent=1046"}],"curies":[{"name":"wp","href":"https:\/\/api.w.org\/{rel}","templated":true}]}}